{"id":816,"date":"2022-09-25T20:11:34","date_gmt":"2022-09-25T19:11:34","guid":{"rendered":"https:\/\/rootsofnature.nl\/?post_type=product&#038;p=816"},"modified":"2023-01-04T23:09:47","modified_gmt":"2023-01-04T22:09:47","slug":"dalmatier-jaspis-trommelsteen","status":"publish","type":"product","link":"https:\/\/rootsofnature.nl\/?product=dalmatier-jaspis-trommelsteen","title":{"rendered":"Sneeuwvlok obsidiaan trommelsteen"},"content":{"rendered":"<p>Dalmati\u00ebr jaspis is een opvallende edelsteen die bekend staat om zijn unieke uiterlijk. Deze steen is gestreept met zwart en wit, waardoor hij op een dalmati\u00ebr hond lijkt. Hij komt slechts in \u00e9\u00e9n gebied ter wereld voor, in Madagaskar.<\/p>\n<p>Van dalmati\u00ebr jaspis wordt gezegd dat hij veel spirituele voordelen heeft. Het zou helpen de yin en yang energie\u00ebn in evenwicht te brengen en moed en loyaliteit bevorderen. Deze steen zou ook helpen om negatieve energie te verdrijven en om te zetten in positieve energie, dit komt door de insluiting van zwarte toermalijn. Voor het lichaam kan dalmati\u00ebr jaspis nuttig zijn om te ontgiften en het immuunsysteem te stimuleren. Hij zou ook helpen bij spijsverteringsproblemen.<\/p>\n<p>Afmetingen: ongeveer 1,5&#215;1,5&#215;0,5 cm (lxbxh)<br \/>\nGewicht: ongeveer 15 gram<\/p>\n","protected":false},"excerpt":{"rendered":"<p>Sneeuwvlok obsidiaan is een edelsteen die voornamelijk wordt gevormd in droge woestijnen. De steen heeft een unieke marmerachtige verschijningsvorm met zwarte kleurige vlekken, veroorzaakt door overspoelde basaltzandalgen.<\/p>\n","protected":false},"featured_media":818,"template":"","meta":{"_et_pb_use_builder":"","_et_pb_old_content":"","_et_gb_content_width":""},"product_cat":[31],"product_tag":[],"sterrenbeeld":[66,63],"edelsteen":[67],"class_list":{"0":"post-816","1":"product","2":"type-product","3":"status-publish","4":"has-post-thumbnail","6":"product_cat-edelstenen","7":"sterrenbeeld-maagd","8":"sterrenbeeld-stier","9":"edelsteen-dalmatier-jaspis","11":"first","12":"instock","13":"shipping-taxable","14":"purchasable","15":"product-type-simple"},"_links":{"self":[{"href":"https:\/\/rootsofnature.nl\/index.php?rest_route=\/wp\/v2\/product\/816","targetHints":{"allow":["GET"]}}],"collection":[{"href":"https:\/\/rootsofnature.nl\/index.php?rest_route=\/wp\/v2\/product"}],"about":[{"href":"https:\/\/rootsofnature.nl\/index.php?rest_route=\/wp\/v2\/types\/product"}],"wp:featuredmedia":[{"embeddable":true,"href":"https:\/\/rootsofnature.nl\/index.php?rest_route=\/wp\/v2\/media\/818"}],"wp:attachment":[{"href":"https:\/\/rootsofnature.nl\/index.php?rest_route=%2Fwp%2Fv2%2Fmedia&parent=816"}],"wp:term":[{"taxonomy":"product_cat","embeddable":true,"href":"https:\/\/rootsofnature.nl\/index.php?rest_route=%2Fwp%2Fv2%2Fproduct_cat&post=816"},{"taxonomy":"product_tag","embeddable":true,"href":"https:\/\/rootsofnature.nl\/index.php?rest_route=%2Fwp%2Fv2%2Fproduct_tag&post=816"},{"taxonomy":"sterrenbeeld","embeddable":true,"href":"https:\/\/rootsofnature.nl\/index.php?rest_route=%2Fwp%2Fv2%2Fsterrenbeeld&post=816"},{"taxonomy":"edelsteen","embeddable":true,"href":"https:\/\/rootsofnature.nl\/index.php?rest_route=%2Fwp%2Fv2%2Fedelsteen&post=816"}],"curies":[{"name":"wp","href":"https:\/\/api.w.org\/{rel}","templated":true}]}}